{"id":2367,"date":"2020-09-01T13:15:14","date_gmt":"2020-09-01T16:15:14","guid":{"rendered":"https:\/\/www.miahandcrafter.com\/atelier\/?post_type=product&#038;p=2367"},"modified":"2024-12-12T06:47:40","modified_gmt":"2024-12-12T09:47:40","slug":"pattern-valente","status":"publish","type":"product","link":"https:\/\/www.miahandcrafter.com\/atelier\/product\/pattern-valente\/","title":{"rendered":"Receita Valente"},"content":{"rendered":"<p>SOBRE O VALENTE<\/p>\n<p>Valente \u00e9 o protagonista de um quadrinho brasileiro criado por Vitor Cafaggi. Ele \u00e9 um c\u00e3ozinho super fofo que gosta de jogar RPG com a sua turma, ama empadinhas e se apaixona com grande facilidade. No entanto, apesar da sua facilidade em se apaixonar, ele ainda est\u00e1 em busca do seu grande amor. Eu estou bastante curiosa para saber quem ir\u00e1 ser sua alma g\u00eamea.<\/p>\n<p>Quando eu estava decidindo qual seria a minha pr\u00f3xima receita, eu sabia que queria fazer um doguinho fofo, ent\u00e3o foi quando me veio a mente o Valente. Da\u00ed entrei em contato com o Vitor Cafaggi e ele gentilmente me autorizou a fazer a receita para vender. Quero agradecer mais uma vez a ele por sua gentileza e oportunidade de fazer um personagem t\u00e3o querido.<\/p>\n<p>O amigurumi do Valente tem bra\u00e7os e penas que se mexem. Ele pode ficar sentado sozinho ou em p\u00e9, mas, nesse caso, precisa de apoio. Os seus bra\u00e7os s\u00e3o m\u00f3veis e podem ficar para baixo ou levantados.<\/p>\n<p>. . . . . . . . . . . . . . . . . . . . . . . . . . . . . . . . . . . . . . . .<\/p>\n<p>SOBRE<\/p>\n<p>\u2022 APOSTILA DIGITAL em PDF;<br \/>\n\u2022 70 p\u00e1ginas explicando passo a passo como fazer o Valente;<br \/>\n\u2022 Mais de 160 fotos com legendas e em alta qualidade, demonstrando como proceder em cada momento;<br \/>\n\u2022 Um v\u00eddeo mostrando como bordei o rosto dele;<br \/>\n\u2022 Meu apoio para qualquer d\u00favida que voc\u00ea tenha a qualquer momento.<\/p>\n<p>. . . . . . . . . . . . . . . . . . . . . . . . . . . . . . . . . . . . . . . .<\/p>\n<p>TAMANHO<\/p>\n<p>Com uma agulha 2.5mm e linha Amigurumi da C\u00edrculo:<br \/>\n\u2022 40 cm dos p\u00e9s \u00e0 cabe\u00e7a (em p\u00e9);<br \/>\n\u2022 31 cm quando sentado.<\/p>\n<p>. . . . . . . . . . . . . . . . . . . . . . . . . . . . . . . . . . . . . . . .<\/p>\n<p>IDIOMAS<\/p>\n<p>\u2022 Portugu\u00eas.<\/p>\n<p>. . . . . . . . . . . . . . . . . . . . . . . . . . . . . . . . . . . . . . . .<\/p>\n<p>HABILIDADES NECESS\u00c1RIAS<\/p>\n<p>\u2022 Saber trabalhar na carreira e na forma circular;<br \/>\n\u2022 Saber criar um c\u00edrculo m\u00e1gico;<br \/>\n\u2022 Fazer aumentos e diminui\u00e7\u00f5es;<br \/>\n\u2022 Os seguintes pontos b\u00e1sicos: correntinha, ponto baix\u00edssimo, ponto baixo, meio ponto alto, ponto alto, ponto alto duplo e ponto alto triplo;<br \/>\n\u2022 Como costurar pe\u00e7as de amigurumi;<br \/>\n\u2022 O n\u00edvel da receita \u00e9 considerado intermedi\u00e1rio, mas ela possui descri\u00e7\u00f5es detalhas e repletas de fotos (s\u00e3o mais de 160!) para ajudar durante todo o processo, al\u00e9m de dicas sobre t\u00e9cnicas empregadas.<\/p>\n<p>. . . . . . . . . . . . . . . . . . . . . . . . . . . . . . . . . . . . . . . .<\/p>\n<p>DIREITOS AUTORAIS<\/p>\n<p>\u2022 Valente \u00e9 um personagem de Vitor Cafaggi.<br \/>\n\u2022 O amigurumi e a receita foram desenvolvidos por Miahandcrafter (Ana Am\u00e9lia Mendes Galv\u00e3o)<br \/>\n\u2022 Voc\u00ea pode vender o Valente que voc\u00ea crochetar;<br \/>\n\u2022 Voc\u00ea N\u00c3O pode distribuir ou copiar essa receita de qualquer forma ou por qualquer meio. (Art. 29, incisos I, IV e VII, da Lei 9.610\/98);<br \/>\n\u2022 Voc\u00ea N\u00c3O pode alterar ou modificar essa receita para criar uma derivada e vender (Art. 29, inciso III, da Lei 9.610\/98).<\/p>\n","protected":false},"excerpt":{"rendered":"<p>Receita em PDF do Valente.<\/p>\n","protected":false},"featured_media":2483,"comment_status":"open","ping_status":"closed","template":"","meta":{"site-sidebar-layout":"default","site-content-layout":"default","ast-site-content-layout":"default","site-content-style":"default","site-sidebar-style":"default","ast-global-header-display":"","ast-banner-title-visibility":"","ast-main-header-display":"","ast-hfb-above-header-display":"","ast-hfb-below-header-display":"","ast-hfb-mobile-header-display":"","site-post-title":"","ast-breadcrumbs-content":"","ast-featured-img":"","footer-sml-layout":"","ast-disable-related-posts":"","theme-transparent-header-meta":"default","adv-header-id-meta":"","stick-header-meta":"","header-above-stick-meta":"","header-main-stick-meta":"","header-below-stick-meta":"","astra-migrate-meta-layouts":"default","ast-page-background-enabled":"default","ast-page-background-meta":{"desktop":{"background-color":"","background-image":"","background-repeat":"repeat","background-position":"center center","background-size":"auto","background-attachment":"scroll","background-type":"","background-media":"","overlay-type":"","overlay-color":"","overlay-opacity":"","overlay-gradient":""},"tablet":{"background-color":"","background-image":"","background-repeat":"repeat","background-position":"center center","background-size":"auto","background-attachment":"scroll","background-type":"","background-media":"","overlay-type":"","overlay-color":"","overlay-opacity":"","overlay-gradient":""},"mobile":{"background-color":"","background-image":"","background-repeat":"repeat","background-position":"center center","background-size":"auto","background-attachment":"scroll","background-type":"","background-media":"","overlay-type":"","overlay-color":"","overlay-opacity":"","overlay-gradient":""}},"ast-content-background-meta":{"desktop":{"background-color":"var(--ast-global-color-5)","background-image":"","background-repeat":"repeat","background-position":"center center","background-size":"auto","background-attachment":"scroll","background-type":"","background-media":"","overlay-type":"","overlay-color":"","overlay-opacity":"","overlay-gradient":""},"tablet":{"background-color":"var(--ast-global-color-5)","background-image":"","background-repeat":"repeat","background-position":"center center","background-size":"auto","background-attachment":"scroll","background-type":"","background-media":"","overlay-type":"","overlay-color":"","overlay-opacity":"","overlay-gradient":""},"mobile":{"background-color":"var(--ast-global-color-5)","background-image":"","background-repeat":"repeat","background-position":"center center","background-size":"auto","background-attachment":"scroll","background-type":"","background-media":"","overlay-type":"","overlay-color":"","overlay-opacity":"","overlay-gradient":""}},"jetpack_post_was_ever_published":false,"jetpack_publicize_message":"","jetpack_publicize_feature_enabled":true,"jetpack_social_post_already_shared":true,"jetpack_social_options":{"image_generator_settings":{"template":"highway","default_image_id":0,"font":"","enabled":false},"version":2}},"product_brand":[],"product_cat":[577],"product_tag":[592,596,595,594,597,593,598],"class_list":{"0":"post-2367","1":"product","2":"type-product","3":"status-publish","4":"has-post-thumbnail","6":"product_cat-receitas-amigurumi","7":"product_tag-amigurumi","8":"product_tag-amigurumi-pdf","9":"product_tag-passo-a-passo-de-amigurumi","10":"product_tag-receita-de-amigurumi","11":"product_tag-receita-valente-amigurumi","12":"product_tag-valente","13":"product_tag-valente-amigurumi","14":"desktop-align-left","15":"tablet-align-left","16":"mobile-align-left","18":"first","19":"instock","20":"featured","21":"downloadable","22":"virtual","23":"sold-individually","24":"purchasable","25":"product-type-simple"},"jetpack_publicize_connections":[],"jetpack_sharing_enabled":true,"jetpack-related-posts":[],"_links":{"self":[{"href":"https:\/\/www.miahandcrafter.com\/atelier\/wp-json\/wp\/v2\/product\/2367","targetHints":{"allow":["GET"]}}],"collection":[{"href":"https:\/\/www.miahandcrafter.com\/atelier\/wp-json\/wp\/v2\/product"}],"about":[{"href":"https:\/\/www.miahandcrafter.com\/atelier\/wp-json\/wp\/v2\/types\/product"}],"replies":[{"embeddable":true,"href":"https:\/\/www.miahandcrafter.com\/atelier\/wp-json\/wp\/v2\/comments?post=2367"}],"wp:featuredmedia":[{"embeddable":true,"href":"https:\/\/www.miahandcrafter.com\/atelier\/wp-json\/wp\/v2\/media\/2483"}],"wp:attachment":[{"href":"https:\/\/www.miahandcrafter.com\/atelier\/wp-json\/wp\/v2\/media?parent=2367"}],"wp:term":[{"taxonomy":"product_brand","embeddable":true,"href":"https:\/\/www.miahandcrafter.com\/atelier\/wp-json\/wp\/v2\/product_brand?post=2367"},{"taxonomy":"product_cat","embeddable":true,"href":"https:\/\/www.miahandcrafter.com\/atelier\/wp-json\/wp\/v2\/product_cat?post=2367"},{"taxonomy":"product_tag","embeddable":true,"href":"https:\/\/www.miahandcrafter.com\/atelier\/wp-json\/wp\/v2\/product_tag?post=2367"}],"curies":[{"name":"wp","href":"https:\/\/api.w.org\/{rel}","templated":true}]}}