{"id":1756,"date":"2016-10-09T20:09:58","date_gmt":"2016-10-09T23:09:58","guid":{"rendered":"https:\/\/www.miahandcrafter.com\/atelier\/?page_id=1756"},"modified":"2023-12-13T09:16:04","modified_gmt":"2023-12-13T12:16:04","slug":"sobre","status":"publish","type":"page","link":"https:\/\/www.miahandcrafter.com\/atelier\/sobre\/","title":{"rendered":"Quem \u00e9 Mia"},"content":{"rendered":"\t\t<div data-elementor-type=\"wp-page\" data-elementor-id=\"1756\" class=\"elementor elementor-1756\" data-elementor-post-type=\"page\">\n\t\t\t\t\t\t<section data-particle_enable=\"false\" data-particle-mobile-disabled=\"false\" class=\"elementor-section elementor-top-section elementor-element elementor-element-a1df427 elementor-section-boxed elementor-section-height-default elementor-section-height-default\" data-id=\"a1df427\" data-element_type=\"section\" data-e-type=\"section\" data-settings=\"{&quot;background_background&quot;:&quot;classic&quot;}\">\n\t\t\t\t\t\t<div class=\"elementor-container elementor-column-gap-default\">\n\t\t\t\t\t<div class=\"elementor-column elementor-col-50 elementor-top-column elementor-element elementor-element-eddaac4\" data-id=\"eddaac4\" data-element_type=\"column\" data-e-type=\"column\">\n\t\t\t<div class=\"elementor-widget-wrap elementor-element-populated\">\n\t\t\t\t\t\t<div class=\"elementor-element elementor-element-f07d267 elementor-arrows-position-outside elementor-widget elementor-widget-image-carousel\" data-id=\"f07d267\" data-element_type=\"widget\" data-e-type=\"widget\" data-settings=\"{&quot;slides_to_show&quot;:&quot;1&quot;,&quot;navigation&quot;:&quot;arrows&quot;,&quot;autoplay&quot;:&quot;no&quot;,&quot;speed&quot;:800,&quot;infinite&quot;:&quot;yes&quot;,&quot;effect&quot;:&quot;slide&quot;}\" data-widget_type=\"image-carousel.default\">\n\t\t\t\t<div class=\"elementor-widget-container\">\n\t\t\t\t\t\t\t<div class=\"elementor-image-carousel-wrapper swiper\" role=\"region\" aria-roledescription=\"carousel\" aria-label=\"Carrossel de imagens\" dir=\"ltr\">\n\t\t\t<div class=\"elementor-image-carousel swiper-wrapper\" aria-live=\"polite\">\n\t\t\t\t\t\t\t\t<div class=\"swiper-slide\" role=\"group\" aria-roledescription=\"slide\" aria-label=\"1 de 2\"><figure class=\"swiper-slide-inner\"><img decoding=\"async\" class=\"swiper-slide-image\" src=\"https:\/\/i0.wp.com\/www.miahandcrafter.com\/atelier\/wp-content\/uploads\/2021\/09\/perfil-novo-mia2.jpg?fit=251%2C300&amp;ssl=1\" alt=\"perfil-novo-mia2\" \/><\/figure><\/div><div class=\"swiper-slide\" role=\"group\" aria-roledescription=\"slide\" aria-label=\"2 de 2\"><figure class=\"swiper-slide-inner\"><img decoding=\"async\" class=\"swiper-slide-image\" src=\"https:\/\/i0.wp.com\/www.miahandcrafter.com\/atelier\/wp-content\/uploads\/2020\/06\/20131005_155633.jpg?fit=300%2C257&amp;ssl=1\" alt=\"Grandma and me\" \/><\/figure><\/div>\t\t\t<\/div>\n\t\t\t\t\t\t\t\t\t\t\t\t<div class=\"elementor-swiper-button elementor-swiper-button-prev\" role=\"button\" tabindex=\"0\">\n\t\t\t\t\t\t<i aria-hidden=\"true\" class=\"eicon-chevron-left\"><\/i>\t\t\t\t\t<\/div>\n\t\t\t\t\t<div class=\"elementor-swiper-button elementor-swiper-button-next\" role=\"button\" tabindex=\"0\">\n\t\t\t\t\t\t<i aria-hidden=\"true\" class=\"eicon-chevron-right\"><\/i>\t\t\t\t\t<\/div>\n\t\t\t\t\n\t\t\t\t\t\t\t\t\t<\/div>\n\t\t\t\t\t\t<\/div>\n\t\t\t\t<\/div>\n\t\t\t\t\t<\/div>\n\t\t<\/div>\n\t\t\t\t<div class=\"elementor-column elementor-col-50 elementor-top-column elementor-element elementor-element-eae00b4\" data-id=\"eae00b4\" data-element_type=\"column\" data-e-type=\"column\">\n\t\t\t<div class=\"elementor-widget-wrap elementor-element-populated\">\n\t\t\t\t\t\t<div class=\"elementor-element elementor-element-2abd368 elementor-widget elementor-widget-text-editor\" data-id=\"2abd368\" data-element_type=\"widget\" data-e-type=\"widget\" data-widget_type=\"text-editor.default\">\n\t\t\t\t<div class=\"elementor-widget-container\">\n\t\t\t\t\t\t\t\t\t<p>Ol\u00e1! \u2665 Eu me chamo Ana Am\u00e9lia M. Galv\u00e3o, mas tamb\u00e9m sou conhecida como Miahandcrafter ou Mia.<\/p><p>Desde de crian\u00e7a sempre gostei de artes manuais, mas a que me conquistou para valer foi o croch\u00ea. Aprendi a crochetar em 2010 com a minha av\u00f3 e a cada dia fui me encantando cada vez mais com a t\u00e9cnica do amigurumi e com as possibilidades do croch\u00ea.<\/p><p>Em 2012 decidi criar este blog motivada pelo desejo de compartilhar minhas receitas e tamb\u00e9m de ajudar quem est\u00e1 iniciando ou quem j\u00e1 faz croch\u00ea h\u00e1 algum tempo.\u00a0<\/p><p>No meu <a href=\"https:\/\/www.instagram.com\/amelia.miigubymia\" target=\"_blank\" rel=\"noopener\">Instagram (@amelia.miigubymia)<\/a> tenho publicado outras receitas e\u00a0 dicas sobre amigurumi que s\u00e3o um conte\u00fado exclusivo de l\u00e1. Ent\u00e3o, vale a pena acompanhar tamb\u00e9m :)<\/p><p>Quaisquer d\u00favidas e sugest\u00f5es s\u00e3o bem vindas. Basta entrar em contato atrav\u00e9s do formul\u00e1rio abaixo.<\/p><p>Beijinhos,<\/p><p>Mia.<\/p>\t\t\t\t\t\t\t\t<\/div>\n\t\t\t\t<\/div>\n\t\t\t\t\t<\/div>\n\t\t<\/div>\n\t\t\t\t\t<\/div>\n\t\t<\/section>\n\t\t\t\t<section data-particle_enable=\"false\" data-particle-mobile-disabled=\"false\" class=\"elementor-section elementor-top-section elementor-element elementor-element-c58757c elementor-section-boxed elementor-section-height-default elementor-section-height-default\" data-id=\"c58757c\" data-element_type=\"section\" data-e-type=\"section\">\n\t\t\t\t\t\t<div class=\"elementor-container elementor-column-gap-default\">\n\t\t\t\t\t<div class=\"elementor-column elementor-col-100 elementor-top-column elementor-element elementor-element-ee05715\" data-id=\"ee05715\" data-element_type=\"column\" data-e-type=\"column\">\n\t\t\t<div class=\"elementor-widget-wrap elementor-element-populated\">\n\t\t\t\t\t\t<div class=\"elementor-element elementor-element-6dd5f3a elementor-button-align-stretch elementor-widget elementor-widget-form\" data-id=\"6dd5f3a\" data-element_type=\"widget\" data-e-type=\"widget\" data-settings=\"{&quot;step_next_label&quot;:&quot;Pr\\u00f3ximo&quot;,&quot;step_previous_label&quot;:&quot;Anterior&quot;,&quot;button_width&quot;:&quot;100&quot;,&quot;step_type&quot;:&quot;number_text&quot;,&quot;step_icon_shape&quot;:&quot;circle&quot;}\" data-widget_type=\"form.default\">\n\t\t\t\t<div class=\"elementor-widget-container\">\n\t\t\t\t\t\t\t<form class=\"elementor-form\" method=\"post\" name=\"Contato\" aria-label=\"Contato\">\n\t\t\t<input type=\"hidden\" name=\"post_id\" value=\"1756\"\/>\n\t\t\t<input type=\"hidden\" name=\"form_id\" value=\"6dd5f3a\"\/>\n\t\t\t<input type=\"hidden\" name=\"referer_title\" value=\"Quem \u00e9 Mia\" \/>\n\n\t\t\t\t\t\t\t<input type=\"hidden\" name=\"queried_id\" value=\"1756\"\/>\n\t\t\t\n\t\t\t<div class=\"elementor-form-fields-wrapper elementor-labels-above\">\n\t\t\t\t\t\t\t\t<div class=\"elementor-field-type-text elementor-field-group elementor-column elementor-field-group-name elementor-col-100 elementor-field-required elementor-mark-required\">\n\t\t\t\t\t\t\t\t\t\t\t\t<label for=\"form-field-name\" class=\"elementor-field-label\">\n\t\t\t\t\t\t\t\tNome\t\t\t\t\t\t\t<\/label>\n\t\t\t\t\t\t\t\t\t\t\t\t\t\t<input size=\"1\" type=\"text\" name=\"form_fields[name]\" id=\"form-field-name\" class=\"elementor-field elementor-size-xs  elementor-field-textual\" placeholder=\"Nome\" required=\"required\">\n\t\t\t\t\t\t\t\t\t\t\t<\/div>\n\t\t\t\t\t\t\t\t<div class=\"elementor-field-type-email elementor-field-group elementor-column elementor-field-group-email elementor-col-100 elementor-field-required elementor-mark-required\">\n\t\t\t\t\t\t\t\t\t\t\t\t<label for=\"form-field-email\" class=\"elementor-field-label\">\n\t\t\t\t\t\t\t\tE-mail\t\t\t\t\t\t\t<\/label>\n\t\t\t\t\t\t\t\t\t\t\t\t\t\t<input size=\"1\" type=\"email\" name=\"form_fields[email]\" id=\"form-field-email\" class=\"elementor-field elementor-size-xs  elementor-field-textual\" placeholder=\"E-mail\" required=\"required\">\n\t\t\t\t\t\t\t\t\t\t\t<\/div>\n\t\t\t\t\t\t\t\t<div class=\"elementor-field-type-textarea elementor-field-group elementor-column elementor-field-group-message elementor-col-100 elementor-field-required elementor-mark-required\">\n\t\t\t\t\t\t\t\t\t\t\t\t<label for=\"form-field-message\" class=\"elementor-field-label\">\n\t\t\t\t\t\t\t\tMensagem\t\t\t\t\t\t\t<\/label>\n\t\t\t\t\t\t<textarea class=\"elementor-field-textual elementor-field  elementor-size-xs\" name=\"form_fields[message]\" id=\"form-field-message\" rows=\"4\" placeholder=\"Mensagem\" required=\"required\"><\/textarea>\t\t\t\t<\/div>\n\t\t\t\t\t\t\t\t<div class=\"elementor-field-group elementor-column elementor-field-type-submit elementor-col-100 e-form__buttons\">\n\t\t\t\t\t<button class=\"elementor-button elementor-size-sm\" type=\"submit\">\n\t\t\t\t\t\t<span class=\"elementor-button-content-wrapper\">\n\t\t\t\t\t\t\t\t\t\t\t\t\t\t\t\t\t\t\t\t\t\t<span class=\"elementor-button-text\">Enviar<\/span>\n\t\t\t\t\t\t\t\t\t\t\t\t\t<\/span>\n\t\t\t\t\t<\/button>\n\t\t\t\t<\/div>\n\t\t\t<\/div>\n\t\t<\/form>\n\t\t\t\t\t\t<\/div>\n\t\t\t\t<\/div>\n\t\t\t\t\t<\/div>\n\t\t<\/div>\n\t\t\t\t\t<\/div>\n\t\t<\/section>\n\t\t\t\t<\/div>\n\t\t","protected":false},"excerpt":{"rendered":"<p>Ol\u00e1! \u2665 Eu me chamo Ana Am\u00e9lia M. Galv\u00e3o, mas tamb\u00e9m sou conhecida como Miahandcrafter ou Mia. Desde de crian\u00e7a sempre gostei de artes manuais, mas a que me conquistou para valer foi o croch\u00ea. Aprendi a crochetar em 2010 com a minha av\u00f3 e a cada dia fui me encantando cada vez mais com [&hellip;]<\/p>\n","protected":false},"author":1,"featured_media":0,"parent":0,"menu_order":0,"comment_status":"open","ping_status":"closed","template":"elementor_header_footer","meta":{"site-sidebar-layout":"default","site-content-layout":"default","ast-site-content-layout":"default","site-content-style":"default","site-sidebar-style":"default","ast-global-header-display":"","ast-banner-title-visibility":"","ast-main-header-display":"","ast-hfb-above-header-display":"","ast-hfb-below-header-display":"","ast-hfb-mobile-header-display":"","site-post-title":"","ast-breadcrumbs-content":"","ast-featured-img":"","footer-sml-layout":"","ast-disable-related-posts":"","theme-transparent-header-meta":"default","adv-header-id-meta":"","stick-header-meta":"","header-above-stick-meta":"","header-main-stick-meta":"","header-below-stick-meta":"","astra-migrate-meta-layouts":"default","ast-page-background-enabled":"default","ast-page-background-meta":{"desktop":{"background-color":"","background-image":"","background-repeat":"repeat","background-position":"center center","background-size":"auto","background-attachment":"scroll","background-type":"","background-media":"","overlay-type":"","overlay-color":"","overlay-opacity":"","overlay-gradient":""},"tablet":{"background-color":"","background-image":"","background-repeat":"repeat","background-position":"center center","background-size":"auto","background-attachment":"scroll","background-type":"","background-media":"","overlay-type":"","overlay-color":"","overlay-opacity":"","overlay-gradient":""},"mobile":{"background-color":"","background-image":"","background-repeat":"repeat","background-position":"center center","background-size":"auto","background-attachment":"scroll","background-type":"","background-media":"","overlay-type":"","overlay-color":"","overlay-opacity":"","overlay-gradient":""}},"ast-content-background-meta":{"desktop":{"background-color":"var(--ast-global-color-5)","background-image":"","background-repeat":"repeat","background-position":"center center","background-size":"auto","background-attachment":"scroll","background-type":"","background-media":"","overlay-type":"","overlay-color":"","overlay-opacity":"","overlay-gradient":""},"tablet":{"background-color":"var(--ast-global-color-5)","background-image":"","background-repeat":"repeat","background-position":"center center","background-size":"auto","background-attachment":"scroll","background-type":"","background-media":"","overlay-type":"","overlay-color":"","overlay-opacity":"","overlay-gradient":""},"mobile":{"background-color":"var(--ast-global-color-5)","background-image":"","background-repeat":"repeat","background-position":"center center","background-size":"auto","background-attachment":"scroll","background-type":"","background-media":"","overlay-type":"","overlay-color":"","overlay-opacity":"","overlay-gradient":""}},"jetpack_post_was_ever_published":false,"footnotes":""},"class_list":["post-1756","page","type-page","status-publish","hentry"],"jetpack_sharing_enabled":true,"jetpack_shortlink":"https:\/\/wp.me\/P2JtQc-sk","jetpack-related-posts":[{"id":3421,"url":"https:\/\/www.miahandcrafter.com\/atelier\/ferramenta-precificacao\/","url_meta":{"origin":1756,"position":0},"title":"Ferramentas para precifica\u00e7\u00e3o","author":"MiaHandcrafter","date":"mar\u00e7o 24, 2022","format":false,"excerpt":"Calculadora da hora de trabalho Use esta ferramenta\u00a0para obter o\u00a0valor da sua hora de trabalho Instru\u00e7\u00f5es de uso: Insira as informa\u00e7\u00f5es nos campos abaixo para calcular o valor da sua hora de trabalho e anote o valor. ATEN\u00c7\u00c3O!! Utilize PONTO e N\u00c3O v\u00edrgula para escrever os centavos. Quanto voc\u00ea deseja\u2026","rel":"","context":"Post similar","block_context":{"text":"Post similar","link":""},"img":{"alt_text":"","src":"https:\/\/i0.wp.com\/www.miahandcrafter.com\/atelier\/wp-content\/uploads\/2022\/04\/miigu.jpg?fit=451%2C253&ssl=1&resize=350%2C200","width":350,"height":200},"classes":[]},{"id":14,"url":"https:\/\/www.miahandcrafter.com\/atelier\/miigu\/","url_meta":{"origin":1756,"position":1},"title":"miigu","author":"MiaHandcrafter","date":"janeiro 11, 2018","format":false,"excerpt":"\u00daLTIMAS RECEITAS DE AMIGURUMI GRATUITAS Estas s\u00e3o as \u00faltimas receitas gratuitas de amigurumi\u00a0 publicadas em portugu\u00eas.H\u00e1 mais op\u00e7\u00f5es de receitas em ingl\u00eas. Todas as receitas BLOG Estes s\u00e3o os \u00faltimos posts na categoria blog\u00a0em portugu\u00eas.H\u00e1 outros posts em ingl\u00eas. Todos os posts FERRAMENTAS Aqui voc\u00ea encontra ferramentas criadas por mim\u2026","rel":"","context":"Post similar","block_context":{"text":"Post similar","link":""},"img":{"alt_text":"","src":"","width":0,"height":0},"classes":[]},{"id":2896,"url":"https:\/\/www.miahandcrafter.com\/atelier\/links\/","url_meta":{"origin":1756,"position":2},"title":"Links","author":"MiaHandcrafter","date":"abril 1, 2021","format":false,"excerpt":"Instagram Youtube Tiktok YouTube LOJA DE RECEITAS RECEITAS GRATUITAS ESTIME O PRE\u00c7O DO SEU AMIGURUMI FREE PATTERNS ETSY PATTERNS","rel":"","context":"Post similar","block_context":{"text":"Post similar","link":""},"img":{"alt_text":"","src":"","width":0,"height":0},"classes":[]}],"_links":{"self":[{"href":"https:\/\/www.miahandcrafter.com\/atelier\/wp-json\/wp\/v2\/pages\/1756","targetHints":{"allow":["GET"]}}],"collection":[{"href":"https:\/\/www.miahandcrafter.com\/atelier\/wp-json\/wp\/v2\/pages"}],"about":[{"href":"https:\/\/www.miahandcrafter.com\/atelier\/wp-json\/wp\/v2\/types\/page"}],"author":[{"embeddable":true,"href":"https:\/\/www.miahandcrafter.com\/atelier\/wp-json\/wp\/v2\/users\/1"}],"replies":[{"embeddable":true,"href":"https:\/\/www.miahandcrafter.com\/atelier\/wp-json\/wp\/v2\/comments?post=1756"}],"version-history":[{"count":5,"href":"https:\/\/www.miahandcrafter.com\/atelier\/wp-json\/wp\/v2\/pages\/1756\/revisions"}],"predecessor-version":[{"id":3833,"href":"https:\/\/www.miahandcrafter.com\/atelier\/wp-json\/wp\/v2\/pages\/1756\/revisions\/3833"}],"wp:attachment":[{"href":"https:\/\/www.miahandcrafter.com\/atelier\/wp-json\/wp\/v2\/media?parent=1756"}],"curies":[{"name":"wp","href":"https:\/\/api.w.org\/{rel}","templated":true}]}}